{"id":2,"date":"2018-12-12T17:04:14","date_gmt":"2018-12-12T16:04:14","guid":{"rendered":"https:\/\/www.infofab.de\/pages\/?page_id=2"},"modified":"2022-01-17T14:43:27","modified_gmt":"2022-01-17T13:43:27","slug":"impressum","status":"publish","type":"page","link":"https:\/\/www.infofab.de\/pages\/impressum\/","title":{"rendered":"Impressum"},"content":{"rendered":"<div class=\"title-absolute\">Impressum<\/div>\n<h3>infofab GmbH<\/h3>\n<p>Agnes-Pockels-Bogen 1<br \/>\n80992 M\u00fcnchen<br \/>\nDeutschland<\/p>\n<p>Tel.: <a href=\"tel:+498985633760\">+49 89 8563376-0<\/a><br \/>\nFax: +49 89 8563376-29<\/p>\n<p>E-Mail: <a href=\"mailto:info@infofab.de\">info@infofab.de<\/a><br \/>\nInternet: <a href=\"https:\/\/www.infofab.de\/pages\">www.infofab.de<\/a><\/p>\n<p><strong>Gesch\u00e4ftsf\u00fchrer:<\/strong><br \/>\nDipl.-Ing. Frank Flachenecker<\/p>\n<p><strong>Umsatzsteuer-Identifikationsnummer gem\u00e4\u00df \u00a7 27 a UStG:<\/strong><br \/>\nDE304201396<\/p>\n<p><strong>Data Universal Numbering System (D&amp;B D-U-N-S\u00ae):<\/strong><br \/>\nDUNS UPIK\u00ae: 31-360-9230<\/p>\n<p><strong>iana &#8211; Private Enterprise Number (PEN):<\/strong><br \/>\nSMI Network Management Private Enterprise Code: 48696<\/p>\n<p><strong>Inhaltlich Verantwortlicher gem\u00e4\u00df \u00a7 10 Abs. 3 MDStV:<\/strong><br \/>\nFrank Flachenecker<br \/>\nAgnes-Pockels-Bogen 1<br \/>\n80992 M\u00fcnchen<\/p>\n<p><strong>Haftungshinweis:<\/strong><br \/>\nTrotz sorgf\u00e4ltiger inhaltlicher Kontrolle \u00fcbernehmen wir keine Haftung f\u00fcr die Inhalte externer Links. F\u00fcr den Inhalt der verlinkten Seiten sind ausschlie\u00dflich deren Betreiber verantwortlich.<\/p>\n","protected":false},"excerpt":{"rendered":"<p>Impressum infofab GmbH Agnes-Pockels-Bogen 1 80992 M\u00fcnchen Deutschland Tel.: +49 89 8563376-0 Fax: +49 89 8563376-29 E-Mail: info@infofab.de Internet: www.infofab.de Gesch\u00e4ftsf\u00fchrer: Dipl.-Ing. Frank Flachenecker Umsatzsteuer-Identifikationsnummer\u2026<\/p>\n","protected":false},"author":1,"featured_media":0,"parent":0,"menu_order":0,"comment_status":"closed","ping_status":"closed","template":"","meta":{"_lmt_disableupdate":"no","_lmt_disable":"","footnotes":""},"class_list":["post-2","page","type-page","status-publish","hentry"],"translation":{"provider":"WPGlobus","version":"3.0.2","language":"de","enabled_languages":["de","gb"],"languages":{"de":{"title":true,"content":true,"excerpt":false},"gb":{"title":true,"content":true,"excerpt":false}}},"_links":{"self":[{"href":"https:\/\/www.infofab.de\/pages\/wp-json\/wp\/v2\/pages\/2","targetHints":{"allow":["GET"]}}],"collection":[{"href":"https:\/\/www.infofab.de\/pages\/wp-json\/wp\/v2\/pages"}],"about":[{"href":"https:\/\/www.infofab.de\/pages\/wp-json\/wp\/v2\/types\/page"}],"author":[{"embeddable":true,"href":"https:\/\/www.infofab.de\/pages\/wp-json\/wp\/v2\/users\/1"}],"replies":[{"embeddable":true,"href":"https:\/\/www.infofab.de\/pages\/wp-json\/wp\/v2\/comments?post=2"}],"version-history":[{"count":5,"href":"https:\/\/www.infofab.de\/pages\/wp-json\/wp\/v2\/pages\/2\/revisions"}],"predecessor-version":[{"id":946,"href":"https:\/\/www.infofab.de\/pages\/wp-json\/wp\/v2\/pages\/2\/revisions\/946"}],"wp:attachment":[{"href":"https:\/\/www.infofab.de\/pages\/wp-json\/wp\/v2\/media?parent=2"}],"curies":[{"name":"wp","href":"https:\/\/api.w.org\/{rel}","templated":true}]}}